{"id":998551,"date":"2025-12-01T10:17:32","date_gmt":"2025-12-01T10:17:32","guid":{"rendered":"https:\/\/numantec.taedacommunication.it\/quality\/"},"modified":"2026-02-24T13:58:54","modified_gmt":"2026-02-24T13:58:54","slug":"qualita","status":"publish","type":"page","link":"https:\/\/numantec.taedacommunication.it\/it\/qualita\/","title":{"rendered":"Qualit\u00e0"},"content":{"rendered":"\t\t<div data-elementor-type=\"wp-page\" data-elementor-id=\"998551\" class=\"elementor elementor-998551 elementor-998538\" data-elementor-post-type=\"page\">\n\t\t\t\t\t\t<section class=\"elementor-section elementor-top-section elementor-element elementor-element-5caadbd elementor-section-full_width elementor-section-height-min-height elementor-section-height-default elementor-section-items-middle\" data-id=\"5caadbd\" data-element_type=\"section\" data-e-type=\"section\" data-settings=\"{&quot;background_background&quot;:&quot;classic&quot;}\">\n\t\t\t\t\t\t\t<div class=\"elementor-background-overlay\"><\/div>\n\t\t\t\t\t\t\t<div class=\"elementor-container elementor-column-gap-default\">\n\t\t\t\t\t<div class=\"elementor-column elementor-col-100 elementor-top-column elementor-element elementor-element-64ea213\" data-id=\"64ea213\" data-element_type=\"column\" data-e-type=\"column\">\n\t\t\t<div class=\"elementor-widget-wrap\">\n\t\t\t\t\t\t\t<\/div>\n\t\t<\/div>\n\t\t\t\t\t<\/div>\n\t\t<\/section>\n\t\t\t\t<section class=\"elementor-section elementor-top-section elementor-element elementor-element-7fb6bb8 elementor-section-full_width elementor-section-height-min-height elementor-section-height-default elementor-section-items-middle\" data-id=\"7fb6bb8\" data-element_type=\"section\" data-e-type=\"section\" data-settings=\"{&quot;background_background&quot;:&quot;classic&quot;}\">\n\t\t\t\t\t\t<div class=\"elementor-container elementor-column-gap-default\">\n\t\t\t\t\t<div class=\"elementor-column elementor-col-100 elementor-top-column elementor-element elementor-element-6973c07\" data-id=\"6973c07\" data-element_type=\"column\" data-e-type=\"column\">\n\t\t\t<div class=\"elementor-widget-wrap elementor-element-populated\">\n\t\t\t\t\t\t<div class=\"elementor-element elementor-element-63a01ca elementor-align-right elementor-widget elementor-widget-breadcrumbs\" data-id=\"63a01ca\" data-element_type=\"widget\" data-e-type=\"widget\" data-widget_type=\"breadcrumbs.default\">\n\t\t\t\t<div class=\"elementor-widget-container\">\n\t\t\t\t\t<p id=\"breadcrumbs\"><span><span><a href=\"https:\/\/numantec.taedacommunication.it\/it\/\">Numantec<\/a><\/span><\/span><\/p>\t\t\t\t<\/div>\n\t\t\t\t<\/div>\n\t\t\t\t<div class=\"elementor-element elementor-element-9410daa elementor-widget elementor-widget-heading\" data-id=\"9410daa\" data-element_type=\"widget\" data-e-type=\"widget\" data-widget_type=\"heading.default\">\n\t\t\t\t<div class=\"elementor-widget-container\">\n\t\t\t\t\t<h1 class=\"elementor-heading-title elementor-size-default\">Qualit\u00e0<\/h1>\t\t\t\t<\/div>\n\t\t\t\t<\/div>\n\t\t\t\t\t<\/div>\n\t\t<\/div>\n\t\t\t\t\t<\/div>\n\t\t<\/section>\n\t\t\t\t<section class=\"elementor-section elementor-top-section elementor-element elementor-element-d07823d elementor-section-boxed elementor-section-height-default elementor-section-height-default\" data-id=\"d07823d\" data-element_type=\"section\" data-e-type=\"section\">\n\t\t\t\t\t\t<div class=\"elementor-container elementor-column-gap-default\">\n\t\t\t\t\t<div class=\"elementor-column elementor-col-100 elementor-top-column elementor-element elementor-element-76938f3\" data-id=\"76938f3\" data-element_type=\"column\" data-e-type=\"column\">\n\t\t\t<div class=\"elementor-widget-wrap elementor-element-populated\">\n\t\t\t\t\t\t<div class=\"elementor-element elementor-element-76445b9 elementor-widget elementor-widget-text-editor\" data-id=\"76445b9\" data-element_type=\"widget\" data-e-type=\"widget\" data-widget_type=\"text-editor.default\">\n\t\t\t\t<div class=\"elementor-widget-container\">\n\t\t\t\t\t\t\t\t\tIl Gruppo Numantec considera la qualit\u00e0 un pilastro fondamentale; ogni dispositivo viene realizzato attraverso processi di progettazione e sviluppo standardizzati e strutturati, finalizzati a garantire la sicurezza funzionale e l\u2019affidabilit\u00e0 del prodotto.\n\t\t\t\t\t\t\t\t<\/div>\n\t\t\t\t<\/div>\n\t\t\t\t<div class=\"elementor-element elementor-element-e2ee3bb elementor-widget elementor-widget-text-editor\" data-id=\"e2ee3bb\" data-element_type=\"widget\" data-e-type=\"widget\" data-widget_type=\"text-editor.default\">\n\t\t\t\t<div class=\"elementor-widget-container\">\n\t\t\t\t\t\t\t\t\tL\u2019intera catena produttiva \u00e8 supervisionata attraverso rigorosi controlli in-process e finali, supportati dal rispetto di procedure interne e normative tecniche che garantiscono la conformit\u00e0 agli standard richiesti per i dispositivi medici. Tutti i dispositivi sono sottoposti ad attivit\u00e0 periodiche di verifica e monitoraggio che assicurano la stabilit\u00e0 delle prestazioni e la conformit\u00e0 ai requisiti normativi vigenti.\n\t\t\t\t\t\t\t\t<\/div>\n\t\t\t\t<\/div>\n\t\t\t\t<div class=\"elementor-element elementor-element-51409e6 elementor-widget elementor-widget-text-editor\" data-id=\"51409e6\" data-element_type=\"widget\" data-e-type=\"widget\" data-widget_type=\"text-editor.default\">\n\t\t\t\t<div class=\"elementor-widget-container\">\n\t\t\t\t\t\t\t\t\tAll\u2019interno del Gruppo, ogni azienda ha implementato un proprio Sistema di Gestione per la Qualit\u00e0 certificato, che consente il monitoraggio continuo di ogni fase del ciclo di vita del dispositivo: dalla qualifica dei fornitori e delle materie prime, alla produzione e ai collaudi, fino alle attivit\u00e0 di immissione sul mercato. Questi Sistemi di Gestione si basano su <strong>procedure documentate, verifiche periodiche e audit interni ed esterni,<\/strong> tutti elementi essenziali per mantenere livelli di qualit\u00e0 costanti e misurabili.\u2028Le aziende del Gruppo possiedono inoltre certificazioni specifiche che attestano la conformit\u00e0 agli standard internazionali di qualit\u00e0 e sicurezza, rafforzando l\u2019impegno di Numantec nel fornire dispositivi affidabili, tecnologicamente avanzati e pienamente rispondenti alle aspettative dei professionisti sanitari e degli utenti finali.\n\t\t\t\t\t\t\t\t<\/div>\n\t\t\t\t<\/div>\n\t\t\t\t<div class=\"elementor-element elementor-element-e75f8c2 elementor-widget elementor-widget-button\" data-id=\"e75f8c2\" data-element_type=\"widget\" data-e-type=\"widget\" data-widget_type=\"button.default\">\n\t\t\t\t<div class=\"elementor-widget-container\">\n\t\t\t\t\t\t\t\t\t<div class=\"elementor-button-wrapper\">\n\t\t\t\t\t<a class=\"elementor-button elementor-button-link elementor-size-sm\" href=\"https:\/\/numantec.taedacommunication.it\/it\/certificazioni\">\n\t\t\t\t\t\t<span class=\"elementor-button-content-wrapper\">\n\t\t\t\t\t\t<span class=\"elementor-button-icon\">\n\t\t\t\t<i aria-hidden=\"true\" class=\"vamtamtheme- vamtam-theme-arrow-right\"><\/i>\t\t\t<\/span>\n\t\t\t\t\t\t\t\t\t<span class=\"elementor-button-text\">SCOPRI LE CERTIFICAZIONI<\/span>\n\t\t\t\t\t<\/span>\n\t\t\t\t\t<\/a>\n\t\t\t\t<\/div>\n\t\t\t\t\t\t\t\t<\/div>\n\t\t\t\t<\/div>\n\t\t\t\t\t<\/div>\n\t\t<\/div>\n\t\t\t\t\t<\/div>\n\t\t<\/section>\n\t\t\t\t<section class=\"elementor-section elementor-top-section elementor-element elementor-element-9b927db elementor-section-full_width elementor-section-stretched elementor-hidden-desktop elementor-hidden-tablet elementor-hidden-mobile elementor-section-height-default elementor-section-height-default\" data-id=\"9b927db\" data-element_type=\"section\" data-e-type=\"section\" data-settings=\"{&quot;stretch_section&quot;:&quot;section-stretched&quot;}\">\n\t\t\t\t\t\t<div class=\"elementor-container elementor-column-gap-no\">\n\t\t\t\t\t<div class=\"elementor-column elementor-col-33 elementor-top-column elementor-element elementor-element-3577475\" data-id=\"3577475\" data-element_type=\"column\" data-e-type=\"column\">\n\t\t\t<div class=\"elementor-widget-wrap\">\n\t\t\t\t\t\t\t<\/div>\n\t\t<\/div>\n\t\t\t\t<div class=\"elementor-column elementor-col-33 elementor-top-column elementor-element elementor-element-8e8ab0f\" data-id=\"8e8ab0f\" data-element_type=\"column\" data-e-type=\"column\">\n\t\t\t<div class=\"elementor-widget-wrap\">\n\t\t\t\t\t\t\t<\/div>\n\t\t<\/div>\n\t\t\t\t<div class=\"elementor-column elementor-col-33 elementor-top-column elementor-element elementor-element-71538ec\" data-id=\"71538ec\" data-element_type=\"column\" data-e-type=\"column\" data-settings=\"{&quot;background_background&quot;:&quot;classic&quot;}\">\n\t\t\t<div class=\"elementor-widget-wrap elementor-element-populated\">\n\t\t\t\t\t\t<div class=\"elementor-element elementor-element-36e59b3 elementor-widget-tablet__width-initial elementor-widget__width-initial elementor-widget elementor-widget-spacer\" data-id=\"36e59b3\" data-element_type=\"widget\" data-e-type=\"widget\" data-widget_type=\"spacer.default\">\n\t\t\t\t<div class=\"elementor-widget-container\">\n\t\t\t\t\t\t\t<div class=\"elementor-spacer\">\n\t\t\t<div class=\"elementor-spacer-inner\"><\/div>\n\t\t<\/div>\n\t\t\t\t\t\t<\/div>\n\t\t\t\t<\/div>\n\t\t\t\t\t<\/div>\n\t\t<\/div>\n\t\t\t\t\t<\/div>\n\t\t<\/section>\n\t\t\t\t<section class=\"elementor-section elementor-top-section elementor-element elementor-element-de8c580 elementor-section-full_width elementor-section-stretched elementor-section-height-default elementor-section-height-default\" data-id=\"de8c580\" data-element_type=\"section\" data-e-type=\"section\" data-settings=\"{&quot;stretch_section&quot;:&quot;section-stretched&quot;}\">\n\t\t\t\t\t\t<div class=\"elementor-container elementor-column-gap-default\">\n\t\t\t\t\t<div class=\"elementor-column elementor-col-66 elementor-top-column elementor-element elementor-element-bea1d3a\" data-id=\"bea1d3a\" data-element_type=\"column\" data-e-type=\"column\" data-settings=\"{&quot;background_background&quot;:&quot;classic&quot;}\">\n\t\t\t<div class=\"elementor-widget-wrap elementor-element-populated\">\n\t\t\t\t\t<div class=\"elementor-background-overlay\"><\/div>\n\t\t\t\t\t\t<div class=\"elementor-element elementor-element-91efe7d elementor-widget elementor-widget-spacer\" data-id=\"91efe7d\" data-element_type=\"widget\" data-e-type=\"widget\" data-widget_type=\"spacer.default\">\n\t\t\t\t<div class=\"elementor-widget-container\">\n\t\t\t\t\t\t\t<div class=\"elementor-spacer\">\n\t\t\t<div class=\"elementor-spacer-inner\"><\/div>\n\t\t<\/div>\n\t\t\t\t\t\t<\/div>\n\t\t\t\t<\/div>\n\t\t\t\t<div class=\"elementor-element elementor-element-d19a012 elementor-widget elementor-widget-text-editor\" data-id=\"d19a012\" data-element_type=\"widget\" data-e-type=\"widget\" data-widget_type=\"text-editor.default\">\n\t\t\t\t<div class=\"elementor-widget-container\">\n\t\t\t\t\t\t\t\t\t<p><img decoding=\"async\" class=\"alignnone wp-image-989896\" src=\"https:\/\/numantec.taedacommunication.it\/wp-content\/uploads\/2024\/07\/Raggruppa-503@2x-300x215.png\" alt=\"\" width=\"128\" height=\"91\" srcset=\"https:\/\/numantec.taedacommunication.it\/wp-content\/uploads\/2024\/07\/Raggruppa-503@2x-300x215.png 300w, https:\/\/numantec.taedacommunication.it\/wp-content\/uploads\/2024\/07\/Raggruppa-503@2x.png 416w\" sizes=\"(max-width: 128px) 100vw, 128px\" \/><\/p>\t\t\t\t\t\t\t\t<\/div>\n\t\t\t\t<\/div>\n\t\t\t\t\t<\/div>\n\t\t<\/div>\n\t\t\t\t<div class=\"elementor-column elementor-col-33 elementor-top-column elementor-element elementor-element-8991244\" data-id=\"8991244\" data-element_type=\"column\" data-e-type=\"column\">\n\t\t\t<div class=\"elementor-widget-wrap\">\n\t\t\t\t\t\t\t<\/div>\n\t\t<\/div>\n\t\t\t\t\t<\/div>\n\t\t<\/section>\n\t\t\t\t<\/div>\n\t\t","protected":false},"excerpt":{"rendered":"<p>Qualit\u00e0 Il Gruppo Numantec considera la qualit\u00e0 un pilastro fondamentale; ogni dispositivo viene realizzato attraverso processi di progettazione e sviluppo&#8230;<\/p>\n","protected":false},"author":1,"featured_media":0,"parent":0,"menu_order":0,"comment_status":"closed","ping_status":"closed","template":"","meta":{"footnotes":""},"class_list":["post-998551","page","type-page","status-publish","hentry"],"yoast_head":"<!-- This site is optimized with the Yoast SEO plugin v27.2 - https:\/\/yoast.com\/product\/yoast-seo-wordpress\/ -->\n<title>Qualit\u00e0 - Numantec<\/title>\n<meta name=\"robots\" content=\"noindex, follow, max-snippet:-1, max-image-preview:large, max-video-preview:-1\" \/>\n<meta property=\"og:locale\" content=\"it_IT\" \/>\n<meta property=\"og:type\" content=\"article\" \/>\n<meta property=\"og:title\" content=\"Qualit\u00e0 - Numantec\" \/>\n<meta property=\"og:description\" content=\"Qualit\u00e0 Il Gruppo Numantec considera la qualit\u00e0 un pilastro fondamentale; ogni dispositivo viene realizzato attraverso processi di progettazione e sviluppo...\" \/>\n<meta property=\"og:url\" content=\"https:\/\/numantec.taedacommunication.it\/it\/qualita\/\" \/>\n<meta property=\"og:site_name\" content=\"Numantec\" \/>\n<meta property=\"article:modified_time\" content=\"2026-02-24T13:58:54+00:00\" \/>\n<meta property=\"og:image\" content=\"https:\/\/numantec.taedacommunication.it\/wp-content\/uploads\/2024\/07\/Raggruppa-503@2x.png\" \/>\n\t<meta property=\"og:image:width\" content=\"416\" \/>\n\t<meta property=\"og:image:height\" content=\"298\" \/>\n\t<meta property=\"og:image:type\" content=\"image\/png\" \/>\n<meta name=\"twitter:card\" content=\"summary_large_image\" \/>\n<meta name=\"twitter:label1\" content=\"Tempo di lettura stimato\" \/>\n\t<meta name=\"twitter:data1\" content=\"2 minuti\" \/>\n<script type=\"application\/ld+json\" class=\"yoast-schema-graph\">{\"@context\":\"https:\/\/schema.org\",\"@graph\":[{\"@type\":\"WebPage\",\"@id\":\"https:\/\/numantec.taedacommunication.it\/it\/qualita\/\",\"url\":\"https:\/\/numantec.taedacommunication.it\/it\/qualita\/\",\"name\":\"Qualit\u00e0 - Numantec\",\"isPartOf\":{\"@id\":\"https:\/\/numantec.taedacommunication.it\/it\/#website\"},\"primaryImageOfPage\":{\"@id\":\"https:\/\/numantec.taedacommunication.it\/it\/qualita\/#primaryimage\"},\"image\":{\"@id\":\"https:\/\/numantec.taedacommunication.it\/it\/qualita\/#primaryimage\"},\"thumbnailUrl\":\"https:\/\/numantec.taedacommunication.it\/wp-content\/uploads\/2024\/07\/Raggruppa-503@2x-300x215.png\",\"datePublished\":\"2025-12-01T10:17:32+00:00\",\"dateModified\":\"2026-02-24T13:58:54+00:00\",\"breadcrumb\":{\"@id\":\"https:\/\/numantec.taedacommunication.it\/it\/qualita\/#breadcrumb\"},\"inLanguage\":\"it-IT\",\"potentialAction\":[{\"@type\":\"ReadAction\",\"target\":[\"https:\/\/numantec.taedacommunication.it\/it\/qualita\/\"]}]},{\"@type\":\"ImageObject\",\"inLanguage\":\"it-IT\",\"@id\":\"https:\/\/numantec.taedacommunication.it\/it\/qualita\/#primaryimage\",\"url\":\"https:\/\/numantec.taedacommunication.it\/wp-content\/uploads\/2024\/07\/Raggruppa-503@2x-300x215.png\",\"contentUrl\":\"https:\/\/numantec.taedacommunication.it\/wp-content\/uploads\/2024\/07\/Raggruppa-503@2x-300x215.png\"},{\"@type\":\"BreadcrumbList\",\"@id\":\"https:\/\/numantec.taedacommunication.it\/it\/qualita\/#breadcrumb\",\"itemListElement\":[{\"@type\":\"ListItem\",\"position\":1,\"name\":\"Numantec\",\"item\":\"https:\/\/numantec.taedacommunication.it\/it\/\"},{\"@type\":\"ListItem\",\"position\":2,\"name\":\"Qualit\u00e0\"}]},{\"@type\":\"WebSite\",\"@id\":\"https:\/\/numantec.taedacommunication.it\/it\/#website\",\"url\":\"https:\/\/numantec.taedacommunication.it\/it\/\",\"name\":\"Numantec\",\"description\":\"\",\"publisher\":{\"@id\":\"https:\/\/numantec.taedacommunication.it\/it\/#organization\"},\"potentialAction\":[{\"@type\":\"SearchAction\",\"target\":{\"@type\":\"EntryPoint\",\"urlTemplate\":\"https:\/\/numantec.taedacommunication.it\/it\/?s={search_term_string}\"},\"query-input\":{\"@type\":\"PropertyValueSpecification\",\"valueRequired\":true,\"valueName\":\"search_term_string\"}}],\"inLanguage\":\"it-IT\"},{\"@type\":\"Organization\",\"@id\":\"https:\/\/numantec.taedacommunication.it\/it\/#organization\",\"name\":\"Numantec\",\"url\":\"https:\/\/numantec.taedacommunication.it\/it\/\",\"logo\":{\"@type\":\"ImageObject\",\"inLanguage\":\"it-IT\",\"@id\":\"https:\/\/numantec.taedacommunication.it\/it\/#\/schema\/logo\/image\/\",\"url\":\"https:\/\/numantec.taedacommunication.it\/wp-content\/uploads\/2023\/06\/Numantec_logo_bianco.png\",\"contentUrl\":\"https:\/\/numantec.taedacommunication.it\/wp-content\/uploads\/2023\/06\/Numantec_logo_bianco.png\",\"width\":233,\"height\":47,\"caption\":\"Numantec\"},\"image\":{\"@id\":\"https:\/\/numantec.taedacommunication.it\/it\/#\/schema\/logo\/image\/\"}}]}<\/script>\n<!-- \/ Yoast SEO plugin. -->","yoast_head_json":{"title":"Qualit\u00e0 - Numantec","robots":{"index":"noindex","follow":"follow","max-snippet":"max-snippet:-1","max-image-preview":"max-image-preview:large","max-video-preview":"max-video-preview:-1"},"og_locale":"it_IT","og_type":"article","og_title":"Qualit\u00e0 - Numantec","og_description":"Qualit\u00e0 Il Gruppo Numantec considera la qualit\u00e0 un pilastro fondamentale; ogni dispositivo viene realizzato attraverso processi di progettazione e sviluppo...","og_url":"https:\/\/numantec.taedacommunication.it\/it\/qualita\/","og_site_name":"Numantec","article_modified_time":"2026-02-24T13:58:54+00:00","og_image":[{"width":416,"height":298,"url":"https:\/\/numantec.taedacommunication.it\/wp-content\/uploads\/2024\/07\/Raggruppa-503@2x.png","type":"image\/png"}],"twitter_card":"summary_large_image","twitter_misc":{"Tempo di lettura stimato":"2 minuti"},"schema":{"@context":"https:\/\/schema.org","@graph":[{"@type":"WebPage","@id":"https:\/\/numantec.taedacommunication.it\/it\/qualita\/","url":"https:\/\/numantec.taedacommunication.it\/it\/qualita\/","name":"Qualit\u00e0 - Numantec","isPartOf":{"@id":"https:\/\/numantec.taedacommunication.it\/it\/#website"},"primaryImageOfPage":{"@id":"https:\/\/numantec.taedacommunication.it\/it\/qualita\/#primaryimage"},"image":{"@id":"https:\/\/numantec.taedacommunication.it\/it\/qualita\/#primaryimage"},"thumbnailUrl":"https:\/\/numantec.taedacommunication.it\/wp-content\/uploads\/2024\/07\/Raggruppa-503@2x-300x215.png","datePublished":"2025-12-01T10:17:32+00:00","dateModified":"2026-02-24T13:58:54+00:00","breadcrumb":{"@id":"https:\/\/numantec.taedacommunication.it\/it\/qualita\/#breadcrumb"},"inLanguage":"it-IT","potentialAction":[{"@type":"ReadAction","target":["https:\/\/numantec.taedacommunication.it\/it\/qualita\/"]}]},{"@type":"ImageObject","inLanguage":"it-IT","@id":"https:\/\/numantec.taedacommunication.it\/it\/qualita\/#primaryimage","url":"https:\/\/numantec.taedacommunication.it\/wp-content\/uploads\/2024\/07\/Raggruppa-503@2x-300x215.png","contentUrl":"https:\/\/numantec.taedacommunication.it\/wp-content\/uploads\/2024\/07\/Raggruppa-503@2x-300x215.png"},{"@type":"BreadcrumbList","@id":"https:\/\/numantec.taedacommunication.it\/it\/qualita\/#breadcrumb","itemListElement":[{"@type":"ListItem","position":1,"name":"Numantec","item":"https:\/\/numantec.taedacommunication.it\/it\/"},{"@type":"ListItem","position":2,"name":"Qualit\u00e0"}]},{"@type":"WebSite","@id":"https:\/\/numantec.taedacommunication.it\/it\/#website","url":"https:\/\/numantec.taedacommunication.it\/it\/","name":"Numantec","description":"","publisher":{"@id":"https:\/\/numantec.taedacommunication.it\/it\/#organization"},"potentialAction":[{"@type":"SearchAction","target":{"@type":"EntryPoint","urlTemplate":"https:\/\/numantec.taedacommunication.it\/it\/?s={search_term_string}"},"query-input":{"@type":"PropertyValueSpecification","valueRequired":true,"valueName":"search_term_string"}}],"inLanguage":"it-IT"},{"@type":"Organization","@id":"https:\/\/numantec.taedacommunication.it\/it\/#organization","name":"Numantec","url":"https:\/\/numantec.taedacommunication.it\/it\/","logo":{"@type":"ImageObject","inLanguage":"it-IT","@id":"https:\/\/numantec.taedacommunication.it\/it\/#\/schema\/logo\/image\/","url":"https:\/\/numantec.taedacommunication.it\/wp-content\/uploads\/2023\/06\/Numantec_logo_bianco.png","contentUrl":"https:\/\/numantec.taedacommunication.it\/wp-content\/uploads\/2023\/06\/Numantec_logo_bianco.png","width":233,"height":47,"caption":"Numantec"},"image":{"@id":"https:\/\/numantec.taedacommunication.it\/it\/#\/schema\/logo\/image\/"}}]}},"_links":{"self":[{"href":"https:\/\/numantec.taedacommunication.it\/it\/wp-json\/wp\/v2\/pages\/998551","targetHints":{"allow":["GET"]}}],"collection":[{"href":"https:\/\/numantec.taedacommunication.it\/it\/wp-json\/wp\/v2\/pages"}],"about":[{"href":"https:\/\/numantec.taedacommunication.it\/it\/wp-json\/wp\/v2\/types\/page"}],"author":[{"embeddable":true,"href":"https:\/\/numantec.taedacommunication.it\/it\/wp-json\/wp\/v2\/users\/1"}],"replies":[{"embeddable":true,"href":"https:\/\/numantec.taedacommunication.it\/it\/wp-json\/wp\/v2\/comments?post=998551"}],"version-history":[{"count":39,"href":"https:\/\/numantec.taedacommunication.it\/it\/wp-json\/wp\/v2\/pages\/998551\/revisions"}],"predecessor-version":[{"id":999721,"href":"https:\/\/numantec.taedacommunication.it\/it\/wp-json\/wp\/v2\/pages\/998551\/revisions\/999721"}],"wp:attachment":[{"href":"https:\/\/numantec.taedacommunication.it\/it\/wp-json\/wp\/v2\/media?parent=998551"}],"curies":[{"name":"wp","href":"https:\/\/api.w.org\/{rel}","templated":true}]}}